{"id":4353,"date":"2019-11-09T04:51:35","date_gmt":"2019-11-09T04:51:35","guid":{"rendered":"https:\/\/www.enricomachado.com\/?page_id=4353"},"modified":"2020-02-28T12:23:40","modified_gmt":"2020-02-28T12:23:40","slug":"about","status":"publish","type":"page","link":"https:\/\/www.enricomachado.com\/pt\/sobre\/","title":{"rendered":"Sobre"},"content":{"rendered":"<section id=\"overview\" data-vc-full-width=\"true\" data-vc-full-width-init=\"false\" class=\"vc_section vc_custom_1573276014248 vc_section-has-fill\" style=\"background-position: top center !important\">\n    <div id=\"how_it_works\" data-vc-full-width=\"true\" data-vc-full-width-init=\"false\" class=\"vc_row wpb_row vc_row-fluid\" style=\"&quot;&quot;\">\n                        \n<div class=\"wpb_column vc_column_container vc_col-sm-12\">\n    <div class=\"vc_column-inner\">\n        <div class=\"wpb_wrapper\">\n            \t\t\t<div class=\"stm-spacing\" id=\"stm-spacing-6a05ce1fc573d\"><\/div>\n<script>\n\t(function($){\n\t\t\"use strict\";\n\t\tvar spacingID = 'stm-spacing-6a05ce1fc573d',\n\t\t\t  lgSpacing = '50',\n\t\t\t  mdSpacing = '50',\n\t\t\t  smSpacing = '50',\n\t\t\t  xsSpacing = '50';\n\n\t\tfunction stmSpacing() {\n\t\t\tif ( window.matchMedia(\"(min-width: 1200px)\").matches && lgSpacing ) {\n\t\t\t\t$( '#' + spacingID ).css ( \"height\", lgSpacing );\n\t\t\t} else if ( window.matchMedia(\"(max-width: 1199px) and (min-width: 992px )\").matches && mdSpacing ) {\n\t\t\t\t$( '#' + spacingID ).css ( \"height\", mdSpacing );\n\t\t\t} else if ( window.matchMedia(\"(max-width: 991px) and (min-width: 768px )\").matches && smSpacing ) {\n\t\t\t\t$( '#' + spacingID ).css ( \"height\", smSpacing );\n\t\t\t} else if ( window.matchMedia(\"(max-width: 767px)\").matches && xsSpacing ) {\n\t\t\t\t$( '#' + spacingID ).css ( \"height\", xsSpacing );\n\t\t\t} else {\n\t\t\t\t$( '#' + spacingID ).css ( \"height\", \"\" );\n\t\t\t}\n\t\t}\n\n\t\t$(document).ready(function() {\n\t\t\tstmSpacing();\n\t\t});\n\n\t\t$(window).resize(function() {\n\t\t\tstmSpacing();\n\t\t});\n\n\t})(jQuery);\n<\/script>\n\n<div class=\"vc_row wpb_row vc_inner vc_row-fluid\"><div class=\"about_sec1 wpb_column vc_column_container vc_col-sm-12 vc_col-lg-6\"><div class=\"vc_column-inner\"><div class=\"wpb_wrapper\"><div class=\"vc_custom_heading text_align_center stripe_bottom\" id=\"about_sec11\"><h1 style=\"font-size: 42px;line-height: 48px;text-align: center\" >Sobre Enrico Machado<\/h1><\/div><div class=\"stm-spacing\" id=\"stm-spacing-6a05ce1fc5c1b\"><\/div>\n<script>\n\t(function($){\n\t\t\"use strict\";\n\t\tvar spacingID = 'stm-spacing-6a05ce1fc5c1b',\n\t\t\t  lgSpacing = '50',\n\t\t\t  mdSpacing = '40',\n\t\t\t  smSpacing = '30',\n\t\t\t  xsSpacing = '30';\n\n\t\tfunction stmSpacing() {\n\t\t\tif ( window.matchMedia(\"(min-width: 1200px)\").matches && lgSpacing ) {\n\t\t\t\t$( '#' + spacingID ).css ( \"height\", lgSpacing );\n\t\t\t} else if ( window.matchMedia(\"(max-width: 1199px) and (min-width: 992px )\").matches && mdSpacing ) {\n\t\t\t\t$( '#' + spacingID ).css ( \"height\", mdSpacing );\n\t\t\t} else if ( window.matchMedia(\"(max-width: 991px) and (min-width: 768px )\").matches && smSpacing ) {\n\t\t\t\t$( '#' + spacingID ).css ( \"height\", smSpacing );\n\t\t\t} else if ( window.matchMedia(\"(max-width: 767px)\").matches && xsSpacing ) {\n\t\t\t\t$( '#' + spacingID ).css ( \"height\", xsSpacing );\n\t\t\t} else {\n\t\t\t\t$( '#' + spacingID ).css ( \"height\", \"\" );\n\t\t\t}\n\t\t}\n\n\t\t$(document).ready(function() {\n\t\t\tstmSpacing();\n\t\t});\n\n\t\t$(window).resize(function() {\n\t\t\tstmSpacing();\n\t\t});\n\n\t})(jQuery);\n<\/script>\n\n\n\t<div class=\"wpb_text_column wpb_content_element\" >\n\t\t<div class=\"wpb_wrapper\">\n\t\t\t<p style=\"text-align: justify; font-weight: 500!important; line-height: 30px!important; font-size: 20px!important;\">Se voc\u00ea tem um im\u00f3vel para vender ou precisa de ajuda para encontrar o im\u00f3vel ideal para suas necessidades, estou muito feliz em ajud\u00e1-lo. Espero sempre compartilhar meu compromisso em primeira m\u00e3o com servi\u00e7os \u00e9ticos e pessoais.<\/p>\n<p style=\"text-align: justify;\">Vender ou comprar um im\u00f3vel pode ser estressante, mas n\u00e3o se preocupe. Eu estou sempre l\u00e1 para voc\u00ea.<\/p>\n<ul style=\"letter-spacing: 0.5px;\">\n<li>Vamos discutir suas situa\u00e7\u00f5es e suas necessidades espec\u00edficas relacionadas \u00e0 propriedade.<\/li>\n<li>Veja como nossa ampla lista de servi\u00e7os pode ajud\u00e1-lo a superar os desafios do mercado imobili\u00e1rio.<\/li>\n<\/ul>\n\n\t\t<\/div>\n\t<\/div>\n<\/div><\/div><\/div><div class=\"about_img1 wpb_column vc_column_container vc_col-sm-12 vc_col-lg-6\"><div class=\"vc_column-inner\"><div class=\"wpb_wrapper\">\n\t<div  class=\"wpb_single_image wpb_content_element vc_align_center  wpb_animate_when_almost_visible wpb_fadeInRight fadeInRight\">\n\t\t\n\t\t<figure class=\"wpb_wrapper vc_figure\">\n\t\t\t<div class=\"vc_single_image-wrapper   vc_box_border_grey\"><img loading=\"lazy\" decoding=\"async\" width=\"510\" height=\"448\" src=\"https:\/\/www.enricomachado.com\/wp-content\/uploads\/2019\/11\/about-1-1.png\" class=\"vc_single_image-img attachment-full\" alt=\"Enrico Machado\" srcset=\"https:\/\/www.enricomachado.com\/wp-content\/uploads\/2019\/11\/about-1-1.png 510w, https:\/\/www.enricomachado.com\/wp-content\/uploads\/2019\/11\/about-1-1-300x264.png 300w\" sizes=\"auto, (max-width: 510px) 100vw, 510px\" \/><\/div>\n\t\t<\/figure>\n\t<\/div>\n<\/div><\/div><\/div><\/div><div class=\"stm-spacing\" id=\"stm-spacing-6a05ce1fc625d\"><\/div>\n<script>\n\t(function($){\n\t\t\"use strict\";\n\t\tvar spacingID = 'stm-spacing-6a05ce1fc625d',\n\t\t\t  lgSpacing = '50',\n\t\t\t  mdSpacing = '50',\n\t\t\t  smSpacing = '30',\n\t\t\t  xsSpacing = '30';\n\n\t\tfunction stmSpacing() {\n\t\t\tif ( window.matchMedia(\"(min-width: 1200px)\").matches && lgSpacing ) {\n\t\t\t\t$( '#' + spacingID ).css ( \"height\", lgSpacing );\n\t\t\t} else if ( window.matchMedia(\"(max-width: 1199px) and (min-width: 992px )\").matches && mdSpacing ) {\n\t\t\t\t$( '#' + spacingID ).css ( \"height\", mdSpacing );\n\t\t\t} else if ( window.matchMedia(\"(max-width: 991px) and (min-width: 768px )\").matches && smSpacing ) {\n\t\t\t\t$( '#' + spacingID ).css ( \"height\", smSpacing );\n\t\t\t} else if ( window.matchMedia(\"(max-width: 767px)\").matches && xsSpacing ) {\n\t\t\t\t$( '#' + spacingID ).css ( \"height\", xsSpacing );\n\t\t\t} else {\n\t\t\t\t$( '#' + spacingID ).css ( \"height\", \"\" );\n\t\t\t}\n\t\t}\n\n\t\t$(document).ready(function() {\n\t\t\tstmSpacing();\n\t\t});\n\n\t\t$(window).resize(function() {\n\t\t\tstmSpacing();\n\t\t});\n\n\t})(jQuery);\n<\/script>\n\n        <\/div>\n    <\/div>\n<\/div>    <\/div>\n<div class=\"vc_row-full-width vc_clearfix\"><\/div>\n    <div data-vc-full-width=\"true\" data-vc-full-width-init=\"false\" class=\"vc_row wpb_row vc_row-fluid\" style=\"&quot;&quot;\">\n                        \n<div class=\"wpb_column vc_column_container vc_col-sm-12\">\n    <div class=\"vc_column-inner\">\n        <div class=\"wpb_wrapper\">\n            \t\t\t<div class=\"vc_row wpb_row vc_inner vc_row-fluid\"><div class=\"about_img2 wpb_column vc_column_container vc_col-sm-12 vc_col-lg-6\"><div class=\"vc_column-inner\"><div class=\"wpb_wrapper\">\n\t<div  class=\"wpb_single_image wpb_content_element vc_align_left  wpb_animate_when_almost_visible wpb_fadeInLeft fadeInLeft\">\n\t\t\n\t\t<figure class=\"wpb_wrapper vc_figure\">\n\t\t\t<div class=\"vc_single_image-wrapper   vc_box_border_grey\"><img loading=\"lazy\" decoding=\"async\" width=\"508\" height=\"373\" src=\"https:\/\/www.enricomachado.com\/wp-content\/uploads\/2019\/11\/about1.1.png\" class=\"vc_single_image-img attachment-full\" alt=\"Enrico Machado\" srcset=\"https:\/\/www.enricomachado.com\/wp-content\/uploads\/2019\/11\/about1.1.png 508w, https:\/\/www.enricomachado.com\/wp-content\/uploads\/2019\/11\/about1.1-300x220.png 300w\" sizes=\"auto, (max-width: 508px) 100vw, 508px\" \/><\/div>\n\t\t<\/figure>\n\t<\/div>\n<\/div><\/div><\/div><div class=\"about_sec2 wpb_column vc_column_container vc_col-sm-12 vc_col-lg-6\"><div class=\"vc_column-inner\"><div class=\"wpb_wrapper\">\n\t<div class=\"wpb_text_column wpb_content_element\" >\n\t\t<div class=\"wpb_wrapper\">\n\t\t\t<p style=\"text-align: justify; font-weight: 500!important; line-height: 30px!important; font-size: 20px!important;\">Sou um corretor de im\u00f3veis focado em oferecer os melhores servi\u00e7os e resultados no setor imobili\u00e1rio. Escuto atentamente para conhecer e entender suas metas de compra ou venda de im\u00f3veis e trabalho duro para obter solu\u00e7\u00f5es que fazem todo o sentido para voc\u00ea. Obtenha os melhores servi\u00e7os imobili\u00e1rios que voc\u00ea espera de um corretor.<\/p>\n<p style=\"text-align: justify;\">O setor imobili\u00e1rio \u00e9 basicamente sobre localiza\u00e7\u00e3o, localiza\u00e7\u00e3o e localiza\u00e7\u00e3o. Tenho uma vasta experi\u00eancia e conhecimento da \u00e1rea e, portanto, posso ajud\u00e1-lo a encontrar a melhor propriedade para voc\u00ea.<\/p>\n\n\t\t<\/div>\n\t<\/div>\n<\/div><\/div><\/div><\/div>        <\/div>\n    <\/div>\n<\/div>    <\/div>\n<div class=\"vc_row-full-width vc_clearfix\"><\/div><\/section><div class=\"vc_row-full-width vc_clearfix\"><\/div>","protected":false},"excerpt":{"rendered":"Sobre Enrico Machado Se voc\u00ea possui um im\u00f3vel para vender ou precisa de ajuda para encontrar o im\u00f3vel ideal para suas necessidades, estou muito feliz em ajud\u00e1-lo. Espero sempre compartilhar meu compromisso em primeira m\u00e3o com servi\u00e7os \u00e9ticos e pessoais. Vender ou comprar um im\u00f3vel pode ser estressante, mas n\u00e3o se preocupe. eu sou","protected":false},"author":1,"featured_media":0,"parent":0,"menu_order":0,"comment_status":"closed","ping_status":"closed","template":"","meta":{"footnotes":""},"class_list":["post-4353","page","type-page","status-publish","hentry"],"yoast_head":"<!-- This site is optimized with the Yoast SEO plugin v24.3 - https:\/\/yoast.com\/wordpress\/plugins\/seo\/ -->\n<title>Enrico Machado - About<\/title>\n<meta name=\"description\" content=\"Enrico Vieira Machado is a local real estate broker with years of experience in real estate business. He takes care of all your property related needs.\" \/>\n<meta name=\"robots\" content=\"index, follow, max-snippet:-1, max-image-preview:large, max-video-preview:-1\" \/>\n<link rel=\"canonical\" href=\"https:\/\/www.enricomachado.com\/pt\/about\/\" \/>\n<meta property=\"og:locale\" content=\"pt_BR\" \/>\n<meta property=\"og:type\" content=\"article\" \/>\n<meta property=\"og:title\" content=\"Enrico Machado - About\" \/>\n<meta property=\"og:description\" content=\"Enrico Vieira Machado is a local real estate broker with years of experience in real estate business. He takes care of all your property related needs.\" \/>\n<meta property=\"og:url\" content=\"https:\/\/www.enricomachado.com\/pt\/about\/\" \/>\n<meta property=\"og:site_name\" content=\"Enrico Machado\" \/>\n<meta property=\"article:modified_time\" content=\"2020-02-28T12:23:40+00:00\" \/>\n<meta name=\"twitter:card\" content=\"summary_large_image\" \/>\n<meta name=\"twitter:label1\" content=\"Est. tempo de leitura\" \/>\n\t<meta name=\"twitter:data1\" content=\"14 minutos\" \/>\n<script type=\"application\/ld+json\" class=\"yoast-schema-graph\">{\"@context\":\"https:\/\/schema.org\",\"@graph\":[{\"@type\":\"WebPage\",\"@id\":\"https:\/\/www.enricomachado.com\/about\/\",\"url\":\"https:\/\/www.enricomachado.com\/about\/\",\"name\":\"Enrico Machado - About\",\"isPartOf\":{\"@id\":\"https:\/\/www.enricomachado.com\/#website\"},\"datePublished\":\"2019-11-09T04:51:35+00:00\",\"dateModified\":\"2020-02-28T12:23:40+00:00\",\"description\":\"Enrico Vieira Machado is a local real estate broker with years of experience in real estate business. He takes care of all your property related needs.\",\"breadcrumb\":{\"@id\":\"https:\/\/www.enricomachado.com\/about\/#breadcrumb\"},\"inLanguage\":\"pt-BR\",\"potentialAction\":[{\"@type\":\"ReadAction\",\"target\":[\"https:\/\/www.enricomachado.com\/about\/\"]}]},{\"@type\":\"BreadcrumbList\",\"@id\":\"https:\/\/www.enricomachado.com\/about\/#breadcrumb\",\"itemListElement\":[{\"@type\":\"ListItem\",\"position\":1,\"name\":\"Home\",\"item\":\"https:\/\/www.enricomachado.com\/\"},{\"@type\":\"ListItem\",\"position\":2,\"name\":\"About\"}]},{\"@type\":\"WebSite\",\"@id\":\"https:\/\/www.enricomachado.com\/#website\",\"url\":\"https:\/\/www.enricomachado.com\/\",\"name\":\"Enrico Machado\",\"description\":\"Enrico Machado - Real Estate Broker\",\"potentialAction\":[{\"@type\":\"SearchAction\",\"target\":{\"@type\":\"EntryPoint\",\"urlTemplate\":\"https:\/\/www.enricomachado.com\/?s={search_term_string}\"},\"query-input\":{\"@type\":\"PropertyValueSpecification\",\"valueRequired\":true,\"valueName\":\"search_term_string\"}}],\"inLanguage\":\"pt-BR\"}]}<\/script>\n<!-- \/ Yoast SEO plugin. -->","yoast_head_json":{"title":"Enrico Machado - About","description":"Enrico Vieira Machado is a local real estate broker with years of experience in real estate business. He takes care of all your property related needs.","robots":{"index":"index","follow":"follow","max-snippet":"max-snippet:-1","max-image-preview":"max-image-preview:large","max-video-preview":"max-video-preview:-1"},"canonical":"https:\/\/www.enricomachado.com\/pt\/about\/","og_locale":"pt_BR","og_type":"article","og_title":"Enrico Machado - About","og_description":"Enrico Vieira Machado is a local real estate broker with years of experience in real estate business. He takes care of all your property related needs.","og_url":"https:\/\/www.enricomachado.com\/pt\/about\/","og_site_name":"Enrico Machado","article_modified_time":"2020-02-28T12:23:40+00:00","twitter_card":"summary_large_image","twitter_misc":{"Est. tempo de leitura":"14 minutos"},"schema":{"@context":"https:\/\/schema.org","@graph":[{"@type":"WebPage","@id":"https:\/\/www.enricomachado.com\/about\/","url":"https:\/\/www.enricomachado.com\/about\/","name":"Enrico Machado - About","isPartOf":{"@id":"https:\/\/www.enricomachado.com\/#website"},"datePublished":"2019-11-09T04:51:35+00:00","dateModified":"2020-02-28T12:23:40+00:00","description":"Enrico Vieira Machado is a local real estate broker with years of experience in real estate business. He takes care of all your property related needs.","breadcrumb":{"@id":"https:\/\/www.enricomachado.com\/about\/#breadcrumb"},"inLanguage":"pt-BR","potentialAction":[{"@type":"ReadAction","target":["https:\/\/www.enricomachado.com\/about\/"]}]},{"@type":"BreadcrumbList","@id":"https:\/\/www.enricomachado.com\/about\/#breadcrumb","itemListElement":[{"@type":"ListItem","position":1,"name":"Home","item":"https:\/\/www.enricomachado.com\/"},{"@type":"ListItem","position":2,"name":"About"}]},{"@type":"WebSite","@id":"https:\/\/www.enricomachado.com\/#website","url":"https:\/\/www.enricomachado.com\/","name":"Enrico Machado","description":"Enrico Machado - Real Estate Broker","potentialAction":[{"@type":"SearchAction","target":{"@type":"EntryPoint","urlTemplate":"https:\/\/www.enricomachado.com\/?s={search_term_string}"},"query-input":{"@type":"PropertyValueSpecification","valueRequired":true,"valueName":"search_term_string"}}],"inLanguage":"pt-BR"}]}},"_links":{"self":[{"href":"https:\/\/www.enricomachado.com\/pt\/wp-json\/wp\/v2\/pages\/4353","targetHints":{"allow":["GET"]}}],"collection":[{"href":"https:\/\/www.enricomachado.com\/pt\/wp-json\/wp\/v2\/pages"}],"about":[{"href":"https:\/\/www.enricomachado.com\/pt\/wp-json\/wp\/v2\/types\/page"}],"author":[{"embeddable":true,"href":"https:\/\/www.enricomachado.com\/pt\/wp-json\/wp\/v2\/users\/1"}],"replies":[{"embeddable":true,"href":"https:\/\/www.enricomachado.com\/pt\/wp-json\/wp\/v2\/comments?post=4353"}],"version-history":[{"count":35,"href":"https:\/\/www.enricomachado.com\/pt\/wp-json\/wp\/v2\/pages\/4353\/revisions"}],"predecessor-version":[{"id":4965,"href":"https:\/\/www.enricomachado.com\/pt\/wp-json\/wp\/v2\/pages\/4353\/revisions\/4965"}],"wp:attachment":[{"href":"https:\/\/www.enricomachado.com\/pt\/wp-json\/wp\/v2\/media?parent=4353"}],"curies":[{"name":"wp","href":"https:\/\/api.w.org\/{rel}","templated":true}]}}